{"id":557,"date":"2021-07-07T22:27:07","date_gmt":"2021-07-08T03:27:07","guid":{"rendered":"https:\/\/grupormx.com\/?page_id=557"},"modified":"2021-08-12T18:28:08","modified_gmt":"2021-08-12T23:28:08","slug":"fly-defense","status":"publish","type":"page","link":"https:\/\/grupormx.com\/?page_id=557","title":{"rendered":"Fly Defense"},"content":{"rendered":"<p>[vc_row css_animation=&#8221;&#8221; row_type=&#8221;row&#8221; use_row_as_full_screen_section=&#8221;no&#8221; type=&#8221;grid&#8221; angled_section=&#8221;no&#8221; text_align=&#8221;left&#8221; background_image_as_pattern=&#8221;without_pattern&#8221; padding_top=&#8221;50&#8243; padding_bottom=&#8221;20&#8243; z_index=&#8221;&#8221; css=&#8221;.vc_custom_1625716006591{background-color: #ffffff !important;}&#8221;][vc_column offset=&#8221;vc_col-md-6&#8243;][vc_separator type=&#8221;transparent&#8221; up=&#8221;-18&#8243;][vc_column_text]<\/p>\n<h1>Fly Defense<\/h1>\n<p>[\/vc_column_text][vc_separator type=&#8221;small&#8221; position=&#8221;left&#8221; color=&#8221;#fab012&#8243; thickness=&#8221;4&#8243; width=&#8221;48&#8243; up=&#8221;17&#8243; down=&#8221;27&#8243;][vc_column_text]Somos el distribuidor autorizado para Veracruz, del m\u00e1s efectivo sistema automatizado para el control de insectos voladores en espacios abiertos Fly Defense de Quimix. Ofrecemos asesor\u00eda t\u00e9cnica, servicio y refacciones.<\/p>\n<ul>\n<li>Los mosquitos, moscas y otros insectos voladores son m\u00e1s que una molestia. Son un riesgo para la salud de su familia, clientes e invitados.<\/li>\n<li>Fly Defense, representa los m\u00e1s novedosos y avanzados sistemas para control de insectos voladores.<\/li>\n<li>Nuestros sistemas crean una fina nebulizaci\u00f3n de acci\u00f3n prolongada que mantiene su propiedad e instalaciones libres de mosquitos, moscas, avispas y otros insectos que causan molestias o riesgos a la salud.<\/li>\n<li>Ahora s\u00ed es posible disfrutar de sus \u00e1reas al aire libre, como albercas, terrazas, patios, \u00e1reas de juego y jardines sin molestias ni preocupaciones.<\/li>\n<\/ul>\n<p>[\/vc_column_text][vc_empty_space height=&#8221;30px&#8221;][\/vc_column][vc_column offset=&#8221;vc_col-md-6&#8243;][vc_single_image image=&#8221;624&#8243; img_size=&#8221;full&#8221; qode_css_animation=&#8221;&#8221;][vc_empty_space height=&#8221;30px&#8221;][\/vc_column][\/vc_row][vc_row css_animation=&#8221;&#8221; row_type=&#8221;row&#8221; use_row_as_full_screen_section=&#8221;no&#8221; type=&#8221;full_width&#8221; angled_section=&#8221;no&#8221; text_align=&#8221;left&#8221; background_image_as_pattern=&#8221;without_pattern&#8221; padding_top=&#8221;50&#8243; padding_bottom=&#8221;50&#8243; z_index=&#8221;&#8221;][vc_column width=&#8221;1\/6&#8243;][\/vc_column][vc_column width=&#8221;2\/3&#8243;][qode_elements_holder number_of_columns=&#8221;one_column&#8221;][qode_elements_holder_item item_padding=&#8221;0 11% 0 0&#8243; advanced_animations=&#8221;no&#8221;][vc_column_text]<\/p>\n<h2>Sistemas Digitales<\/h2>\n<p>[\/vc_column_text][vc_separator type=&#8221;small&#8221; position=&#8221;left&#8221; color=&#8221;#fab012&#8243; thickness=&#8221;4&#8243; width=&#8221;48&#8243; up=&#8221;14&#8243; down=&#8221;22&#8243;][\/qode_elements_holder_item][\/qode_elements_holder]<div class='q_list circle animate_list'><\/p>\n<ul>\n<li>\n<h4><span style=\"color: #333333;\">Liderazgo en tecnolog\u00eda de automatizaci\u00f3n. Totalmente automatizados y programables. Capacidad de programaci\u00f3n de cientos de aspersiones diarias. Tambi\u00e9n es posible activarlos con control remoto (incluido)<\/span><\/h4>\n<\/li>\n<li>\n<h4><span style=\"color: #333333;\">Boquillas anti-goteo de alto rendimiento que generan una gota de tama\u00f1o inferior a 20 micras.<\/span><\/h4>\n<\/li>\n<li>\n<h4><span style=\"color: #333333;\">Capacidad de operaci\u00f3n: bombas de 100 y 160 gph que generan una presi\u00f3n superiores a 220 PSI, y abastecen hasta 115 boquillas, espaciadas de 3 a 5 m. Esto se traduce en rangos de protecci\u00f3n mayores a 500 m lineales.<\/span><\/h4>\n<\/li>\n<\/ul>\n<p><\/div>[vc_separator type=&#8221;small&#8221; position=&#8221;left&#8221; color=&#8221;#fab012&#8243; thickness=&#8221;4&#8243; width=&#8221;48&#8243; up=&#8221;14&#8243; down=&#8221;22&#8243;][vc_empty_space height=&#8221;30px&#8221;][\/vc_column][vc_column width=&#8221;1\/6&#8243;][\/vc_column][\/vc_row][vc_row css_animation=&#8221;&#8221; row_type=&#8221;row&#8221; use_row_as_full_screen_section=&#8221;no&#8221; type=&#8221;full_width&#8221; angled_section=&#8221;no&#8221; text_align=&#8221;left&#8221; background_image_as_pattern=&#8221;without_pattern&#8221; padding_bottom=&#8221;50&#8243; z_index=&#8221;&#8221;][vc_column width=&#8221;1\/6&#8243;][\/vc_column][vc_column width=&#8221;2\/3&#8243;][qode_elements_holder number_of_columns=&#8221;one_column&#8221;][qode_elements_holder_item item_padding=&#8221;0 11% 0 0&#8243; advanced_animations=&#8221;no&#8221;][vc_column_text]<\/p>\n<h2>Sistema AMS Pro<\/h2>\n<p>[\/vc_column_text][vc_separator type=&#8221;small&#8221; position=&#8221;left&#8221; color=&#8221;#fab012&#8243; thickness=&#8221;4&#8243; width=&#8221;48&#8243; up=&#8221;14&#8243; down=&#8221;22&#8243;][\/qode_elements_holder_item][\/qode_elements_holder]<div class='q_list circle animate_list'><\/p>\n<ul>\n<li>\n<h4><span style=\"color: #333333;\">Sistema Quick-connect, que permite instalar y\/o reemplazar con gran facilidad manguera, conectores y boquillas.<\/span><\/h4>\n<\/li>\n<li>\n<h4><span style=\"color: #333333;\">Manguera de alta presi\u00f3n (330 PSI) resistente a rayos UV.<\/span><\/h4>\n<\/li>\n<li>\n<h4><span style=\"color: #333333;\">Hechos en USA con componentes americanos.<\/span><\/h4>\n<\/li>\n<li>\n<h4><span style=\"color: #333333;\">El sistema m\u00e1s avanzado en la industria.<\/span><\/h4>\n<\/li>\n<li>\n<h4><span style=\"color: #333333;\">Ideal para exteriores<\/span><\/h4>\n<\/li>\n<li>\n<h4><span style=\"color: #333333;\">100% programable y automatizado.<\/span><\/h4>\n<\/li>\n<li>\n<h4><span style=\"color: #333333;\">Bater\u00eda de litio que respalda hasta por 10 a\u00f1os el programa de operaci\u00f3n en caso de falla en el suministro de energ\u00eda el\u00e9ctrica<\/span><\/h4>\n<\/li>\n<li>\n<h4><span style=\"color: #333333;\">La mejor relaci\u00f3n costo-beneficio.<\/span><\/h4>\n<\/li>\n<li>\n<h4><span style=\"color: #333333;\">Garant\u00eda de un a\u00f1o a partir de la fecha de instalaci\u00f3n.<\/span><\/h4>\n<\/li>\n<li>\n<h4><span style=\"color: #333333;\">Refacciones, soporte, servicio personalizado.<\/span><\/h4>\n<\/li>\n<\/ul>\n<p><\/div>[vc_separator type=&#8221;small&#8221; position=&#8221;left&#8221; color=&#8221;#fab012&#8243; thickness=&#8221;4&#8243; width=&#8221;48&#8243; up=&#8221;14&#8243; down=&#8221;22&#8243;][vc_empty_space height=&#8221;30px&#8221;][\/vc_column][vc_column width=&#8221;1\/6&#8243;][\/vc_column][\/vc_row][vc_row css_animation=&#8221;&#8221; row_type=&#8221;row&#8221; use_row_as_full_screen_section=&#8221;no&#8221; type=&#8221;grid&#8221; angled_section=&#8221;no&#8221; text_align=&#8221;left&#8221; background_image_as_pattern=&#8221;without_pattern&#8221; padding_top=&#8221;50&#8243; padding_bottom=&#8221;20&#8243; z_index=&#8221;&#8221; css=&#8221;.vc_custom_1625717437019{background-color: #ffffff !important;}&#8221;][vc_column width=&#8221;1\/6&#8243; offset=&#8221;vc_col-md-2&#8243;][\/vc_column][vc_column width=&#8221;2\/3&#8243;][vc_separator type=&#8221;transparent&#8221; up=&#8221;-18&#8243;][vc_column_text]<\/p>\n<h1 style=\"text-align: center;\">\u00bfC\u00f3mo funciona?<\/h1>\n<p>[\/vc_column_text][vc_separator type=&#8221;normal&#8221; color=&#8221;#fab012&#8243; thickness=&#8221;4&#8243; up=&#8221;17&#8243; down=&#8221;27&#8243;][vc_column_text]<\/p>\n<ol>\n<li style=\"text-align: justify;\">\n<h4><span style=\"color: #808080;\">El mecanismo computarizado inyecta l\u00edquido a gran presi\u00f3n a trav\u00e9s de boquillas de alto rendimiento, previamente instaladas en puntos donde se requiere mayor protecci\u00f3n.<\/span><\/h4>\n<\/li>\n<li>\n<h4><span style=\"color: #808080;\">Esto crea una fin\u00edsima nebulizaci\u00f3n de acci\u00f3n prolongada que elimina y repele mosquitos, moscas y otros insectos voladores en patios, terrazas, y \u00e1reas m\u00e1s amplias, como jardines, prados y canchas deportivas.<\/span><\/h4>\n<\/li>\n<li>\n<h4><span style=\"color: #808080;\">El sistema funciona en forma autom\u00e1tica, siguiendo una programaci\u00f3n que se hace de acuerdo a la actividad predominante de los insectos y a las necesidades de cada cliente.<\/span><\/h4>\n<\/li>\n<li>\n<h4><span style=\"color: #808080;\">Una vez instalado, el sistema es completamente expandible; es posible crear nuevas zonas de protecci\u00f3n de acuerdo a sus necesidades futuras.<\/span><\/h4>\n<\/li>\n<li>\n<h4><span style=\"color: #808080;\">Puede ser ampliado hasta 500 m de manguera con 115 boquillas.<\/span><\/h4>\n<\/li>\n<li style=\"text-align: justify;\">\n<h4><span style=\"color: #808080;\">Las boquillas pueden ser instaladas en cualquier lugar donde se requiera protecci\u00f3n.<\/span><\/h4>\n<\/li>\n<\/ol>\n<p>[\/vc_column_text][vc_empty_space height=&#8221;30px&#8221;][vc_column_text]<\/p>\n<div style=\"width: 1060px;\" class=\"wp-video\"><video class=\"wp-video-shortcode\" id=\"video-557-1\" width=\"1060\" height=\"600\" preload=\"metadata\" controls=\"controls\"><source type=\"video\/mp4\" src=\"https:\/\/grupormx.com\/wp-content\/uploads\/2021\/07\/29-OCT-RMX.mp4?_=1\" \/><a href=\"https:\/\/grupormx.com\/wp-content\/uploads\/2021\/07\/29-OCT-RMX.mp4\">https:\/\/grupormx.com\/wp-content\/uploads\/2021\/07\/29-OCT-RMX.mp4<\/a><\/video><\/div>\n<p>[\/vc_column_text][\/vc_column][vc_column width=&#8221;1\/6&#8243;][\/vc_column][\/vc_row]<\/p>\n","protected":false},"excerpt":{"rendered":"<p>[vc_row css_animation=&#8221;&#8221; row_type=&#8221;row&#8221; use_row_as_full_screen_section=&#8221;no&#8221; type=&#8221;grid&#8221; angled_section=&#8221;no&#8221; text_align=&#8221;left&#8221; background_image_as_pattern=&#8221;without_pattern&#8221; padding_top=&#8221;50&#8243; padding_bottom=&#8221;20&#8243; z_index=&#8221;&#8221; css=&#8221;.vc_custom_1625716006591{background-color: #ffffff !important;}&#8221;][vc_column offset=&#8221;vc_col-md-6&#8243;][vc_separator type=&#8221;transparent&#8221; up=&#8221;-18&#8243;][vc_column_text] Fly Defense [\/vc_column_text][vc_separator type=&#8221;small&#8221; position=&#8221;left&#8221; color=&#8221;#fab012&#8243; thickness=&#8221;4&#8243; width=&#8221;48&#8243; up=&#8221;17&#8243; down=&#8221;27&#8243;][vc_column_text]Somos el distribuidor autorizado para Veracruz, del m\u00e1s efectivo sistema automatizado para el control de insectos voladores en espacios&#8230;<\/p>\n","protected":false},"author":1,"featured_media":0,"parent":0,"menu_order":0,"comment_status":"closed","ping_status":"closed","template":"","meta":{"footnotes":""},"class_list":["post-557","page","type-page","status-publish","hentry"],"_links":{"self":[{"href":"https:\/\/grupormx.com\/index.php?rest_route=\/wp\/v2\/pages\/557","targetHints":{"allow":["GET"]}}],"collection":[{"href":"https:\/\/grupormx.com\/index.php?rest_route=\/wp\/v2\/pages"}],"about":[{"href":"https:\/\/grupormx.com\/index.php?rest_route=\/wp\/v2\/types\/page"}],"author":[{"embeddable":true,"href":"https:\/\/grupormx.com\/index.php?rest_route=\/wp\/v2\/users\/1"}],"replies":[{"embeddable":true,"href":"https:\/\/grupormx.com\/index.php?rest_route=%2Fwp%2Fv2%2Fcomments&post=557"}],"version-history":[{"count":4,"href":"https:\/\/grupormx.com\/index.php?rest_route=\/wp\/v2\/pages\/557\/revisions"}],"predecessor-version":[{"id":625,"href":"https:\/\/grupormx.com\/index.php?rest_route=\/wp\/v2\/pages\/557\/revisions\/625"}],"wp:attachment":[{"href":"https:\/\/grupormx.com\/index.php?rest_route=%2Fwp%2Fv2%2Fmedia&parent=557"}],"curies":[{"name":"wp","href":"https:\/\/api.w.org\/{rel}","templated":true}]}}