{"id":448,"date":"2021-07-06T22:46:57","date_gmt":"2021-07-07T03:46:57","guid":{"rendered":"https:\/\/grupormx.com\/?page_id=448"},"modified":"2021-12-01T18:05:41","modified_gmt":"2021-12-02T00:05:41","slug":"services-2","status":"publish","type":"page","link":"https:\/\/grupormx.com\/?page_id=448","title":{"rendered":"Servicios"},"content":{"rendered":"<p>[vc_row css_animation=&#8221;&#8221; row_type=&#8221;row&#8221; use_row_as_full_screen_section=&#8221;no&#8221; type=&#8221;full_width&#8221; angled_section=&#8221;no&#8221; text_align=&#8221;left&#8221; background_image_as_pattern=&#8221;without_pattern&#8221; css=&#8221;.vc_custom_1625630562811{padding-top: 5% !important;}&#8221; z_index=&#8221;&#8221;][vc_column][vc_column_text]<\/p>\n<h1 style=\"text-align: center;\">Servicios que ofrecemos:<\/h1>\n<p>[\/vc_column_text][vc_separator type=&#8221;small&#8221; position=&#8221;center&#8221; color=&#8221;#fab012&#8243; thickness=&#8221;4&#8243; width=&#8221;48&#8243; up=&#8221;19&#8243; down=&#8221;39&#8243;][\/vc_column][\/vc_row][vc_row css_animation=&#8221;&#8221; row_type=&#8221;row&#8221; use_row_as_full_screen_section=&#8221;no&#8221; type=&#8221;grid&#8221; angled_section=&#8221;no&#8221; text_align=&#8221;center&#8221; background_image_as_pattern=&#8221;without_pattern&#8221; padding_top=&#8221;143&#8243; padding_bottom=&#8221;18&#8243; z_index=&#8221;&#8221; css=&#8221;.vc_custom_1515749806753{background-color: #ffffff !important;}&#8221;][vc_column offset=&#8221;vc_col-md-4&#8243;]<div class='q_icon_with_title large custom_icon_image center '><div class=\"icon_holder \" style=\" \"><img decoding=\"async\" itemprop=\"image\" style=\"\" src=\"https:\/\/grupormx.com\/wp-content\/uploads\/2018\/01\/services-custom-icon-1.png\" alt=\"\"><\/div><div class=\"icon_text_holder\" style=\"\"><div class=\"icon_text_inner\" style=\"\"><h3 class=\"icon_title\" style=\"\">Manejo y Control de Plagas<\/h3>[vc_separator type=\"small\" position=\"left\" color=\"#fab012\" thickness=\"2\" width=\"34\" up=\"8\" down=\"5\"]<p style='color: #0f0f28'>Servicios de Manejo y Control de plagas de importancia m\u00e9dica, econ\u00f3mica y salud p\u00fablica. Para plagas en general o para aquellas que requieren un tratamiento especial.<\/p><\/div><\/div><\/div>[vc_empty_space height=&#8221;30px&#8221;][\/vc_column][vc_column offset=&#8221;vc_col-md-4&#8243;]<div class='q_icon_with_title large custom_icon_image center '><div class=\"icon_holder \" style=\" \"><img decoding=\"async\" itemprop=\"image\" style=\"\" src=\"https:\/\/grupormx.com\/wp-content\/uploads\/2018\/01\/services-custom-icon-2.png\" alt=\"\"><\/div><div class=\"icon_text_holder\" style=\"\"><div class=\"icon_text_inner\" style=\"\"><h3 class=\"icon_title\" style=\"\">Programas<\/h3>[vc_separator type=\"small\" position=\"left\" color=\"#fab012\" thickness=\"2\" width=\"34\" up=\"8\" down=\"5\"]<p style='color: #0f0f28'>Programas en cumplimiento con normas y est\u00e1ndares nacionales e internacionales.<\/p><\/div><\/div><\/div>[vc_empty_space height=&#8221;30px&#8221;][\/vc_column][vc_column offset=&#8221;vc_col-md-4&#8243;]<div class='q_icon_with_title large custom_icon_image center '><div class=\"icon_holder \" style=\" \"><img decoding=\"async\" itemprop=\"image\" style=\"\" src=\"https:\/\/grupormx.com\/wp-content\/uploads\/2018\/01\/services-custom-icon-3.png\" alt=\"\"><\/div><div class=\"icon_text_holder\" style=\"\"><div class=\"icon_text_inner\" style=\"\"><h3 class=\"icon_title\" style=\"\">Productos<\/h3>[vc_separator type=\"small\" position=\"left\" color=\"#fab012\" thickness=\"2\" width=\"34\" up=\"8\" down=\"5\"]<p style='color: #0f0f28'>Productos complementarios al servicio.<\/p><\/div><\/div><\/div>[vc_empty_space height=&#8221;30px&#8221;][\/vc_column][\/vc_row][vc_row css_animation=&#8221;&#8221; row_type=&#8221;row&#8221; use_row_as_full_screen_section=&#8221;no&#8221; type=&#8221;grid&#8221; angled_section=&#8221;no&#8221; text_align=&#8221;center&#8221; background_image_as_pattern=&#8221;without_pattern&#8221; padding_bottom=&#8221;68&#8243; z_index=&#8221;&#8221; css=&#8221;.vc_custom_1515751005476{background-color: #ffffff !important;}&#8221;][vc_column offset=&#8221;vc_col-md-4&#8243;]<div class='q_icon_with_title large custom_icon_image center '><div class=\"icon_holder \" style=\" \"><img decoding=\"async\" itemprop=\"image\" style=\"\" src=\"https:\/\/grupormx.com\/wp-content\/uploads\/2018\/01\/services-custom-icon-4.png\" alt=\"\"><\/div><div class=\"icon_text_holder\" style=\"\"><div class=\"icon_text_inner\" style=\"\"><h3 class=\"icon_title\" style=\"\">Soluciones<\/h3>[vc_separator type=\"small\" position=\"left\" color=\"#fab012\" thickness=\"2\" width=\"34\" up=\"8\" down=\"5\"]<p style='color: #0f0f28'>Soluciones a plagas.<\/p><\/div><\/div><\/div>[vc_empty_space height=&#8221;30px&#8221;][\/vc_column][vc_column offset=&#8221;vc_col-md-4&#8243;]<div class='q_icon_with_title large custom_icon_image center '><div class=\"icon_holder \" style=\" \"><img decoding=\"async\" itemprop=\"image\" style=\"\" src=\"https:\/\/grupormx.com\/wp-content\/uploads\/2018\/01\/services-custom-icon-5.png\" alt=\"\"><\/div><div class=\"icon_text_holder\" style=\"\"><div class=\"icon_text_inner\" style=\"\"><h3 class=\"icon_title\" style=\"\">Fauna<\/h3>[vc_separator type=\"small\" position=\"left\" color=\"#fab012\" thickness=\"2\" width=\"34\" up=\"8\" down=\"5\"]<p style='color: #0f0f28'>Manejo y reubicaci\u00f3n de fauna silvestre.<\/p><\/div><\/div><\/div>[vc_empty_space height=&#8221;30px&#8221;][\/vc_column][vc_column offset=&#8221;vc_col-md-4&#8243;]<div class='q_icon_with_title large custom_icon_image center '><div class=\"icon_holder \" style=\" \"><img decoding=\"async\" itemprop=\"image\" style=\"\" src=\"https:\/\/grupormx.com\/wp-content\/uploads\/2018\/01\/services-custom-icon-6.png\" alt=\"\"><\/div><div class=\"icon_text_holder\" style=\"\"><div class=\"icon_text_inner\" style=\"\"><h3 class=\"icon_title\" style=\"\">Desinfecci\u00f3n<\/h3>[vc_separator type=\"small\" position=\"left\" color=\"#fab012\" thickness=\"2\" width=\"34\" up=\"8\" down=\"5\"]<p style='color: #0f0f28'>Desinfecci\u00f3n de agentes pat\u00f3genos.<\/p><\/div><\/div><\/div>[vc_empty_space height=&#8221;30px&#8221;][\/vc_column][\/vc_row][vc_row css_animation=&#8221;&#8221; row_type=&#8221;row&#8221; use_row_as_full_screen_section=&#8221;no&#8221; type=&#8221;grid&#8221; angled_section=&#8221;no&#8221; text_align=&#8221;center&#8221; background_image_as_pattern=&#8221;without_pattern&#8221; padding_top=&#8221;80&#8243; padding_bottom=&#8221;74&#8243; css=&#8221;.vc_custom_1515751873205{background-image: url(http:\/\/bridge129.qodeinteractive.com\/wp-content\/uploads\/2018\/01\/home-background-2.jpg?id=85) !important;background-position: center !important;background-repeat: no-repeat !important;background-size: cover !important;}&#8221; z_index=&#8221;&#8221;][vc_column][vc_empty_space height=&#8221;15px&#8221;][vc_column_text]<\/p>\n<h1 style=\"text-align: center;\">Distribuidor de:<\/h1>\n<p>[\/vc_column_text][vc_separator type=&#8221;small&#8221; position=&#8221;center&#8221; color=&#8221;#fab012&#8243; thickness=&#8221;4&#8243; width=&#8221;48&#8243; up=&#8221;19&#8243; down=&#8221;39&#8243;][vc_row_inner row_type=&#8221;row&#8221; type=&#8221;full_width&#8221; text_align=&#8221;left&#8221; css_animation=&#8221;&#8221;][vc_column_inner width=&#8221;1\/2&#8243;]<div class=\"qode-giwt\">\n    <div class=\"qode-giwt-inner qode-type1-gradient-bottom-to-top-text-hover\">\n                    <span class=\"qode-giwt-icon-holder\">\n                <span data-type=\"normal\"  class=\"qode_icon_shortcode  q_font_awsome_icon fa-5x  \" style=\" \"><i class=\"qode_icon_font_awesome fa fa-bug qode_icon_element\" style=\"font-size: 110px;\" ><\/i><\/span>            <\/span>\n                <div class=\"qode-giwt-content-holder\">\n            <div class=\"qode-giwt-title-holder\">\n                <h2 style=\"text-transform: none;font-weight: 500\">\n                                            Fly Defense Sistema Automatizado para el Control de Insectos Voladores                                    <\/h2>\n            <\/div>\n        <\/div>\n    <\/div>\n<\/div>[\/vc_column_inner][vc_column_inner width=&#8221;1\/2&#8243;]<div class=\"qode-giwt\">\n    <div class=\"qode-giwt-inner qode-type1-gradient-bottom-to-top-text-hover\">\n                    <span class=\"qode-giwt-icon-holder\">\n                <span data-type=\"normal\"  class=\"qode_icon_shortcode  q_font_awsome_icon fa-5x  \" style=\" \"><i class=\"qodef-icon-dripicons dripicon dripicons-to-do qode_icon_element\" style=\"font-size: 110px;\" ><\/i><\/span>            <\/span>\n                <div class=\"qode-giwt-content-holder\">\n            <div class=\"qode-giwt-title-holder\">\n                <h2 style=\"text-transform: none;font-weight: 500\">\n                                            Corpocitrik                                    <\/h2>\n            <\/div>\n        <\/div>\n    <\/div>\n<\/div>[\/vc_column_inner][\/vc_row_inner][\/vc_column][\/vc_row]<\/p>\n","protected":false},"excerpt":{"rendered":"<p>[vc_row css_animation=&#8221;&#8221; row_type=&#8221;row&#8221; use_row_as_full_screen_section=&#8221;no&#8221; type=&#8221;full_width&#8221; angled_section=&#8221;no&#8221; text_align=&#8221;left&#8221; background_image_as_pattern=&#8221;without_pattern&#8221; css=&#8221;.vc_custom_1625630562811{padding-top: 5% !important;}&#8221; z_index=&#8221;&#8221;][vc_column][vc_column_text] Servicios que ofrecemos: [\/vc_column_text][vc_separator type=&#8221;small&#8221; position=&#8221;center&#8221; color=&#8221;#fab012&#8243; thickness=&#8221;4&#8243; width=&#8221;48&#8243; up=&#8221;19&#8243; down=&#8221;39&#8243;][\/vc_column][\/vc_row][vc_row css_animation=&#8221;&#8221; row_type=&#8221;row&#8221; use_row_as_full_screen_section=&#8221;no&#8221; type=&#8221;grid&#8221; angled_section=&#8221;no&#8221; text_align=&#8221;center&#8221; background_image_as_pattern=&#8221;without_pattern&#8221; padding_top=&#8221;143&#8243; padding_bottom=&#8221;18&#8243; z_index=&#8221;&#8221; css=&#8221;.vc_custom_1515749806753{background-color: #ffffff !important;}&#8221;][vc_column offset=&#8221;vc_col-md-4&#8243;][vc_empty_space height=&#8221;30px&#8221;][\/vc_column][vc_column offset=&#8221;vc_col-md-4&#8243;][vc_empty_space height=&#8221;30px&#8221;][\/vc_column][vc_column offset=&#8221;vc_col-md-4&#8243;][vc_empty_space height=&#8221;30px&#8221;][\/vc_column][\/vc_row][vc_row css_animation=&#8221;&#8221; row_type=&#8221;row&#8221; use_row_as_full_screen_section=&#8221;no&#8221;&#8230;<\/p>\n","protected":false},"author":1,"featured_media":0,"parent":0,"menu_order":0,"comment_status":"closed","ping_status":"closed","template":"full_width.php","meta":{"footnotes":""},"class_list":["post-448","page","type-page","status-publish","hentry"],"_links":{"self":[{"href":"https:\/\/grupormx.com\/index.php?rest_route=\/wp\/v2\/pages\/448","targetHints":{"allow":["GET"]}}],"collection":[{"href":"https:\/\/grupormx.com\/index.php?rest_route=\/wp\/v2\/pages"}],"about":[{"href":"https:\/\/grupormx.com\/index.php?rest_route=\/wp\/v2\/types\/page"}],"author":[{"embeddable":true,"href":"https:\/\/grupormx.com\/index.php?rest_route=\/wp\/v2\/users\/1"}],"replies":[{"embeddable":true,"href":"https:\/\/grupormx.com\/index.php?rest_route=%2Fwp%2Fv2%2Fcomments&post=448"}],"version-history":[{"count":1,"href":"https:\/\/grupormx.com\/index.php?rest_route=\/wp\/v2\/pages\/448\/revisions"}],"predecessor-version":[{"id":657,"href":"https:\/\/grupormx.com\/index.php?rest_route=\/wp\/v2\/pages\/448\/revisions\/657"}],"wp:attachment":[{"href":"https:\/\/grupormx.com\/index.php?rest_route=%2Fwp%2Fv2%2Fmedia&parent=448"}],"curies":[{"name":"wp","href":"https:\/\/api.w.org\/{rel}","templated":true}]}}